{"id":29941,"date":"2025-05-09T17:34:02","date_gmt":"2025-05-09T17:34:02","guid":{"rendered":"https:\/\/simondice.com.co\/home\/?page_id=29941"},"modified":"2025-11-26T20:48:56","modified_gmt":"2025-11-26T20:48:56","slug":"despedida-de-soltera-tematica-de-viaje-en-bogota","status":"publish","type":"page","link":"https:\/\/simondice.com.co\/home\/despedida-de-soltera-tematica-de-viaje-en-bogota\/","title":{"rendered":"despedida de soltera tem\u00e1tica de aventura en Bogot\u00e1"},"content":{"rendered":"<p>[et_pb_section fb_built=&#8221;1&#8243; background_image=&#8221;http:\/\/simondice.com.co\/home\/wp-content\/uploads\/2018\/08\/WhatsApp-Image-2018-08-08-at-4.25.07-PM.jpeg&#8221; background_color=&#8221;#ede7f6&#8243; parallax=&#8221;on&#8221; custom_padding=&#8221;0px||0px|&#8221; padding_mobile=&#8221;on&#8221; disabled_on=&#8221;off|off|off&#8221; admin_label=&#8221;Header Section&#8221; custom_css_main_element=&#8221;border-top: 1px solid #7E57C2;&#8221; global_module=&#8221;28458&#8243; collapsed=&#8221;off&#8221;][et_pb_row custom_padding=&#8221;10%||10%|&#8221; custom_padding_phone=&#8221;100px||100px|&#8221; column_padding_mobile=&#8221;on&#8221; parallax_method_1=&#8221;off&#8221; parallax_method_2=&#8221;off&#8221; admin_label=&#8221;row&#8221; module_id=&#8221;contenedor-slidehome&#8221; custom_padding_last_edited=&#8221;on|phone&#8221;][et_pb_column type=&#8221;4_4&#8243; parallax=&#8221;off&#8221; parallax_method=&#8221;off&#8221; column_padding_mobile=&#8221;on&#8221;][et_pb_text background_layout=&#8221;dark&#8221; admin_label=&#8221;Text&#8221; module_id=&#8221;home-sildemujeres1&#8243; text_font=&#8221;Lora||||&#8221; text_font_size=&#8221;24&#8243; custom_margin=&#8221;4%||0px|&#8221; custom_css_main_element=&#8221;font-weight:300;&#8221;]<\/p>\n<p style=\"text-align:center;\">Sim\u00f3n dice<\/p>\n<p>[\/et_pb_text][et_pb_text text_orientation=&#8221;center&#8221; admin_label=&#8221;Text&#8221; text_font=&#8221;Lora||||&#8221; text_font_size=&#8221;24&#8243; text_text_color=&#8221;#ffffff&#8221; custom_margin=&#8221;||0px|&#8221; custom_css_main_element=&#8221;font-weight:300;&#8221; inline_fonts=&#8221;Boogaloo,Comfortaa&#8221;][\/et_pb_text][et_pb_text text_orientation=&#8221;center&#8221; max_width=&#8221;70%&#8221; max_width_tablet=&#8221;80%&#8221; max_width_last_edited=&#8221;on|phone&#8221; admin_label=&#8221;Text&#8221; module_id=&#8221;texto-ultimodia&#8221; text_font=&#8221;Lora|on|||&#8221; text_font_size=&#8221;64&#8243; text_font_size_phone=&#8221;36&#8243; text_font_size_last_edited=&#8221;on|phone&#8221; text_text_color=&#8221;#ffffff&#8221; text_line_height=&#8221;1.1em&#8221; custom_margin=&#8221;24px||22px|&#8221; custom_css_main_element=&#8221;font-weight:300;&#8221; inline_fonts=&#8221;Crimson Text,Cuprum,Covered By Your Grace&#8221;]<\/p>\n<p><span style=\"font-family:'Covered By Your Grace';font-weight:normal;\">Haz una despedida de soltera<\/span><\/p>\n<p>[\/et_pb_text][et_pb_button button_url=&#8221;http:\/\/simondice.com.co\/home\/despedidas-de-soltera-para-mujeres\/&#8221; button_text=&#8221;Ver planes para Mujeres&#8221; button_alignment=&#8221;center&#8221; background_layout=&#8221;dark&#8221; button_rel=&#8221;off|off|off|off|off&#8221; admin_label=&#8221;Button&#8221; module_id=&#8221;home-sildemujeres3&#8243; module_class=&#8221;btn-mujeres&#8221; custom_button=&#8221;on&#8221; button_text_size=&#8221;18px&#8221; button_bg_color=&#8221;#e01fa6&#8243; button_use_icon=&#8221;off&#8221; button_text_color_hover=&#8221;#ffffff&#8221; button_bg_color_hover=&#8221;#ea00bf&#8221; custom_css_before=&#8221;margin-top:15px;||margin-bottom:15px;||text-align:center;&#8221; custom_css_main_element=&#8221;margin-bottom:15px;||text-align:center;&#8221; custom_css_after=&#8221;margin-bottom:15px;||text-align:center;&#8221; background_color=&#8221;#f42ebf&#8221;][\/et_pb_button][\/et_pb_column][\/et_pb_row][\/et_pb_section][et_pb_section fb_built=&#8221;1&#8243; background_color=&#8221;#fc20a4&#8243; custom_padding=&#8221;10px||10px|&#8221; disabled_on=&#8221;off|off|off&#8221; admin_label=&#8221;Download App Section&#8221; global_module=&#8221;28453&#8243; collapsed=&#8221;off&#8221;][et_pb_row custom_padding=&#8221;||0px|&#8221; padding_mobile=&#8221;on&#8221; custom_margin=&#8221;0px||0px|&#8221; column_padding_mobile=&#8221;on&#8221; parallax_method_1=&#8221;off&#8221; parallax_method_2=&#8221;off&#8221; admin_label=&#8221;row&#8221; custom_margin_last_edited=&#8221;on|desktop&#8221;][et_pb_column type=&#8221;1_2&#8243; parallax=&#8221;off&#8221; parallax_method=&#8221;off&#8221; column_padding_mobile=&#8221;on&#8221;][et_pb_image src=&#8221;http:\/\/simondice.com.co\/home\/wp-content\/uploads\/2017\/12\/karaoke-final.png&#8221; animation=&#8221;bottom&#8221; align=&#8221;center&#8221; always_center_on_mobile=&#8221;off&#8221; disabled_on=&#8221;off|off|off&#8221; admin_label=&#8221;Image&#8221; custom_margin=&#8221;-50px|||&#8221; custom_margin_last_edited=&#8221;on|desktop&#8221; custom_css_main_element=&#8221;z-index:1;position:relative;&#8221;][\/et_pb_image][\/et_pb_column][et_pb_column type=&#8221;1_2&#8243; parallax=&#8221;off&#8221; parallax_method=&#8221;off&#8221; column_padding_mobile=&#8221;on&#8221;][et_pb_text background_layout=&#8221;dark&#8221; admin_label=&#8221;Text&#8221; module_id=&#8221;home-sildemujeres1&#8243; text_font=&#8221;Lora||||&#8221; text_font_size=&#8221;24&#8243; custom_margin=&#8221;4%||0px|&#8221; custom_css_main_element=&#8221;font-weight:300;&#8221;]<\/p>\n<p>y&#8230; \u00bfc\u00f3mo quieres celebrar<\/p>\n<p>[\/et_pb_text][et_pb_text background_layout=&#8221;dark&#8221; max_width=&#8221;98%&#8221; admin_label=&#8221;Text&#8221; module_id=&#8221;home-sildemujeres2&#8243; text_font=&#8221;Lora||||&#8221; text_font_size=&#8221;64&#8243; text_font_size_phone=&#8221;36&#8243; text_font_size_last_edited=&#8221;on|tablet&#8221; text_line_height=&#8221;1.1em&#8221; custom_margin=&#8221;24px||0px|&#8221; custom_css_main_element=&#8221;font-weight:300;margin-bottom:10px;&#8221; inline_fonts=&#8221;Covered By Your Grace&#8221;]<\/p>\n<p><span style=\"font-family:'Covered By Your Grace';\">t\u00fa ultimo d\u00eda de Solter\u00eda?<\/span><\/p>\n<p>[\/et_pb_text][et_pb_text admin_label=&#8221;Text&#8221; module_class=&#8221;espacio-blanco&#8221;]<\/p>\n<p>[\/et_pb_text][et_pb_button button_url=&#8221;http:\/\/simondice.com.co\/home\/despedidas-de-soltera-para-mujeres\/&#8221; button_text=&#8221;Ver planes para Mujeres&#8221; button_alignment=&#8221;left&#8221; background_layout=&#8221;dark&#8221; button_rel=&#8221;off|off|off|off|off&#8221; admin_label=&#8221;Button&#8221; module_id=&#8221;home-sildemujeres3&#8243; module_class=&#8221;btn-mujeres&#8221; custom_button=&#8221;on&#8221; button_text_color=&#8221;#ffffff&#8221; button_bg_color=&#8221;#9f0eed&#8221; button_text_color_hover=&#8221;#ffffff&#8221; button_bg_color_hover=&#8221;#f221c5&#8243; custom_css_before=&#8221;margin-top:15px;||margin-bottom:15px;&#8221; custom_css_main_element=&#8221;margin-bottom:15px;&#8221; custom_css_after=&#8221;margin-bottom:15px;&#8221; background_color=&#8221;#f42ebf&#8221;][\/et_pb_button][et_pb_text admin_label=&#8221;Text&#8221;][\/et_pb_text][\/et_pb_column][\/et_pb_row][\/et_pb_section][et_pb_section fb_built=&#8221;1&#8243; background_image=&#8221;http:\/\/simondice.com.co\/images\/background.jpeg&#8221; padding_mobile=&#8221;off&#8221; admin_label=&#8221;A Church That&#8221; module_id=&#8221;readmore&#8221; collapsed=&#8221;off&#8221;][et_pb_row custom_padding=&#8221;0px|||&#8221; custom_padding_phone=&#8221;41px|||&#8221; padding_mobile=&#8221;on&#8221; parallax_method_1=&#8221;off&#8221; parallax_method_2=&#8221;off&#8221; admin_label=&#8221;Row&#8221; custom_padding_last_edited=&#8221;on|phone&#8221;][et_pb_column type=&#8221;1_2&#8243; parallax=&#8221;off&#8221; parallax_method=&#8221;off&#8221;][et_pb_divider color=&#8221;#abb2c5&#8243; height=&#8221;0&#8243; hide_on_mobile=&#8221;off&#8221; disabled_on=&#8221;on|on|&#8221; admin_label=&#8221;Divider Desktop&#8221; custom_css_main_element=&#8221;width:50px;&#8221;][\/et_pb_divider][et_pb_text max_width=&#8221;98%&#8221; admin_label=&#8221;Text&#8221; text_font=&#8221;Source Sans Pro||||&#8221; text_font_size=&#8221;20&#8243; text_text_color=&#8221;#575f75&#8243; text_line_height=&#8221;1.5em&#8221; custom_margin=&#8221;18px||0px|&#8221; custom_css_main_element=&#8221;font-weight:300;&#8221;]<\/p>\n<div>\n<h1>Despedida de Soltera Tem\u00e1tica de Viaje en Bogot\u00e1<\/h1>\n<p>Si est\u00e1s buscando una manera \u00fanica de celebrar tu despedida de soltera, una tem\u00e1tica de viaje en Bogot\u00e1 puede ser la opci\u00f3n perfecta. Descubre c\u00f3mo hacer de este evento algo inolvidable.<\/p>\n<h2>\u00bfPor qu\u00e9 elegir una tem\u00e1tica de viaje?<\/h2>\n<p>Las despedidas de soltera con tem\u00e1tica de viaje ofrecen una experiencia llena de diversi\u00f3n y emoci\u00f3n. Puedes explorar diferentes culturas y destinos sin salir de la ciudad.<\/p>\n<h3>Ideas para una despedida de soltera tem\u00e1tica de viaje<\/h3>\n<p>Existen m\u00faltiples formas de implementar esta tem\u00e1tica en tu despedida de soltera en Bogot\u00e1. Desde decoraci\u00f3n tem\u00e1tica hasta actividades interactivas, aqu\u00ed te dejamos algunas ideas:<\/p>\n<h4>1. Decoraci\u00f3n inspirada en destinos tur\u00edsticos<\/h4>\n<p>Transforma el lugar de la fiesta con elementos decorativos que representen diferentes lugares del mundo. Usa mapas, banderas y souvenirs de distintos pa\u00edses.<\/p>\n<h4>2. Juegos basados en viajes<\/h4>\n<p>Organiza juegos que sigan una tem\u00e1tica de viaje. Por ejemplo, un trivia sobre pa\u00edses o un bingo de viajes pueden ser muy divertidos.<\/p>\n<h4>3. Men\u00fa internacional<\/h4>\n<p>Ofrece platillos t\u00edpicos de diferentes pa\u00edses para hacer que tus invitados sientan que est\u00e1n realmente viajando.<\/p>\n<h3>Consejos para una despedida de soltera exitosa<\/h3>\n<p>No olvides planificar con anticipaci\u00f3n. Define el tema, el lugar, la lista de invitados y las actividades para asegurarte de que todo salga perfecto.<\/p>\n<h5>Conclusi\u00f3n<\/h5>\n<p>Una despedida de soltera tem\u00e1tica de viaje en Bogot\u00e1 no solo ser\u00e1 divertida, sino que tambi\u00e9n crear\u00e1 recuerdos inolvidables. \u00a1Empieza tu planificaci\u00f3n hoy y vive una experiencia \u00fanica!<\/p>\n<\/div>\n<p>[\/et_pb_text][\/et_pb_column][et_pb_column type=&#8221;1_2&#8243; parallax=&#8221;off&#8221; parallax_method=&#8221;off&#8221;][et_pb_text max_width=&#8221;98%&#8221; admin_label=&#8221;Text&#8221; text_font=&#8221;Source Sans Pro||||&#8221; text_font_size=&#8221;20&#8243; text_text_color=&#8221;#575f75&#8243; text_line_height=&#8221;1.5em&#8221; custom_margin=&#8221;18px||0px|&#8221; custom_css_main_element=&#8221;font-weight:300;&#8221;]<\/p>\n<p style=\"text-align:center;\"><strong>Selecciona tu g\u00e9nero<\/strong><\/p>\n<p>[\/et_pb_text][et_pb_image src=&#8221;http:\/\/simondice.com.co\/home\/wp-content\/uploads\/2019\/03\/icon-tetas2.png&#8221; url=&#8221;http:\/\/simondice.com.co\/home\/despedidas-de-soltera-para-mujeres\/&#8221; animation=&#8221;right&#8221; align=&#8221;center&#8221; max_width=&#8221;70%&#8221; admin_label=&#8221;Image&#8221; module_id=&#8221;botonMujer&#8221; custom_margin=&#8221;|||-2%&#8221; custom_css_main_element=&#8221;border-radius:300px;&#8221;][\/et_pb_image][et_pb_image src=&#8221;http:\/\/simondice.com.co\/home\/wp-content\/uploads\/2017\/12\/icon-pene.png&#8221; url=&#8221;http:\/\/simondice.com.co\/home\/despedidas-de-soltero-para-hombres\/&#8221; align=&#8221;center&#8221; max_width=&#8221;59%&#8221; admin_label=&#8221;Image&#8221; module_id=&#8221;botonHombre&#8221; custom_margin=&#8221;-28%|||41%&#8221; custom_css_main_element=&#8221;border-radius:300px;&#8221;][\/et_pb_image][\/et_pb_column][\/et_pb_row][\/et_pb_section]<\/p>\n","protected":false},"excerpt":{"rendered":"<p>[et_pb_section fb_built=&#8221;1&#8243; background_image=&#8221;http:\/\/simondice.com.co\/home\/wp-content\/uploads\/2018\/08\/WhatsApp-Image-2018-08-08-at-4.25.07-PM.jpeg&#8221; background_color=&#8221;#ede7f6&#8243; parallax=&#8221;on&#8221; custom_padding=&#8221;0px||0px|&#8221; padding_mobile=&#8221;on&#8221; disabled_on=&#8221;off|off|off&#8221; admin_label=&#8221;Header Section&#8221; custom_css_main_element=&#8221;border-top: 1px solid #7E57C2;&#8221; global_module=&#8221;28458&#8243; collapsed=&#8221;off&#8221;][et_pb_row custom_padding=&#8221;10%||10%|&#8221; custom_padding_phone=&#8221;100px||100px|&#8221; column_padding_mobile=&#8221;on&#8221; parallax_method_1=&#8221;off&#8221; parallax_method_2=&#8221;off&#8221; admin_label=&#8221;row&#8221; module_id=&#8221;contenedor-slidehome&#8221; custom_padding_last_edited=&#8221;on|phone&#8221;][et_pb_column type=&#8221;4_4&#8243; parallax=&#8221;off&#8221; parallax_method=&#8221;off&#8221; column_padding_mobile=&#8221;on&#8221;][et_pb_text background_layout=&#8221;dark&#8221; admin_label=&#8221;Text&#8221; module_id=&#8221;home-sildemujeres1&#8243; text_font=&#8221;Lora||||&#8221; text_font_size=&#8221;24&#8243; custom_margin=&#8221;4%||0px|&#8221; custom_css_main_element=&#8221;font-weight:300;&#8221;] Sim\u00f3n dice [\/et_pb_text][et_pb_text text_orientation=&#8221;center&#8221; admin_label=&#8221;Text&#8221; text_font=&#8221;Lora||||&#8221; text_font_size=&#8221;24&#8243; text_text_color=&#8221;#ffffff&#8221; custom_margin=&#8221;||0px|&#8221; custom_css_main_element=&#8221;font-weight:300;&#8221; inline_fonts=&#8221;Boogaloo,Comfortaa&#8221;][\/et_pb_text][et_pb_text text_orientation=&#8221;center&#8221; max_width=&#8221;70%&#8221; max_width_tablet=&#8221;80%&#8221; max_width_last_edited=&#8221;on|phone&#8221; admin_label=&#8221;Text&#8221; module_id=&#8221;texto-ultimodia&#8221; text_font=&#8221;Lora|on|||&#8221; text_font_size=&#8221;64&#8243; text_font_size_phone=&#8221;36&#8243; [&hellip;]<\/p>\n","protected":false},"author":1,"featured_media":0,"parent":0,"menu_order":0,"comment_status":"closed","ping_status":"closed","template":"","meta":{"_yoast_wpseo_focuskw":"despedida de soltera tem\u00e1tica de aventura en Bogot\u00e1 en Bogot\u00e1","_yoast_wpseo_title":"despedida de soltera tem\u00e1tica de aventura en Bogot\u00e1 en Bogot\u00e1","_yoast_wpseo_metadesc":"despedida de soltera tem\u00e1tica de aventura en Bogot\u00e1 en Bogot\u00e1.","footnotes":""},"class_list":["post-29941","page","type-page","status-publish","hentry"],"_links":{"self":[{"href":"https:\/\/simondice.com.co\/home\/wp-json\/wp\/v2\/pages\/29941","targetHints":{"allow":["GET"]}}],"collection":[{"href":"https:\/\/simondice.com.co\/home\/wp-json\/wp\/v2\/pages"}],"about":[{"href":"https:\/\/simondice.com.co\/home\/wp-json\/wp\/v2\/types\/page"}],"author":[{"embeddable":true,"href":"https:\/\/simondice.com.co\/home\/wp-json\/wp\/v2\/users\/1"}],"replies":[{"embeddable":true,"href":"https:\/\/simondice.com.co\/home\/wp-json\/wp\/v2\/comments?post=29941"}],"version-history":[{"count":3,"href":"https:\/\/simondice.com.co\/home\/wp-json\/wp\/v2\/pages\/29941\/revisions"}],"predecessor-version":[{"id":30155,"href":"https:\/\/simondice.com.co\/home\/wp-json\/wp\/v2\/pages\/29941\/revisions\/30155"}],"wp:attachment":[{"href":"https:\/\/simondice.com.co\/home\/wp-json\/wp\/v2\/media?parent=29941"}],"curies":[{"name":"wp","href":"https:\/\/api.w.org\/{rel}","templated":true}]}}