{"id":29973,"date":"2025-05-09T17:40:17","date_gmt":"2025-05-09T17:40:17","guid":{"rendered":"https:\/\/simondice.com.co\/home\/?page_id=29973"},"modified":"2025-11-26T20:43:10","modified_gmt":"2025-11-26T20:43:10","slug":"contratar-show-para-despedida-de-soltera-en-bogota","status":"publish","type":"page","link":"https:\/\/simondice.com.co\/home\/contratar-show-para-despedida-de-soltera-en-bogota\/","title":{"rendered":"contratar show para despedida de soltera en Bogot\u00e1"},"content":{"rendered":"<p>[et_pb_section fb_built=&#8221;1&#8243; background_image=&#8221;http:\/\/simondice.com.co\/home\/wp-content\/uploads\/2018\/08\/WhatsApp-Image-2018-08-08-at-4.25.07-PM.jpeg&#8221; background_color=&#8221;#ede7f6&#8243; parallax=&#8221;on&#8221; custom_padding=&#8221;0px||0px|&#8221; padding_mobile=&#8221;on&#8221; disabled_on=&#8221;off|off|off&#8221; admin_label=&#8221;Header Section&#8221; custom_css_main_element=&#8221;border-top: 1px solid #7E57C2;&#8221; global_module=&#8221;28458&#8243; collapsed=&#8221;off&#8221;][et_pb_row custom_padding=&#8221;10%||10%|&#8221; custom_padding_phone=&#8221;100px||100px|&#8221; column_padding_mobile=&#8221;on&#8221; parallax_method_1=&#8221;off&#8221; parallax_method_2=&#8221;off&#8221; admin_label=&#8221;row&#8221; module_id=&#8221;contenedor-slidehome&#8221; custom_padding_last_edited=&#8221;on|phone&#8221;][et_pb_column type=&#8221;4_4&#8243; parallax=&#8221;off&#8221; parallax_method=&#8221;off&#8221; column_padding_mobile=&#8221;on&#8221;][et_pb_text background_layout=&#8221;dark&#8221; admin_label=&#8221;Text&#8221; module_id=&#8221;home-sildemujeres1&#8243; text_font=&#8221;Lora||||&#8221; text_font_size=&#8221;24&#8243; custom_margin=&#8221;4%||0px|&#8221; custom_css_main_element=&#8221;font-weight:300;&#8221;]<\/p>\n<p style=\"text-align:center;\">Sim\u00f3n dice<\/p>\n<p>[\/et_pb_text][et_pb_text text_orientation=&#8221;center&#8221; admin_label=&#8221;Text&#8221; text_font=&#8221;Lora||||&#8221; text_font_size=&#8221;24&#8243; text_text_color=&#8221;#ffffff&#8221; custom_margin=&#8221;||0px|&#8221; custom_css_main_element=&#8221;font-weight:300;&#8221; inline_fonts=&#8221;Boogaloo,Comfortaa&#8221;][\/et_pb_text][et_pb_text text_orientation=&#8221;center&#8221; max_width=&#8221;70%&#8221; max_width_tablet=&#8221;80%&#8221; max_width_last_edited=&#8221;on|phone&#8221; admin_label=&#8221;Text&#8221; module_id=&#8221;texto-ultimodia&#8221; text_font=&#8221;Lora|on|||&#8221; text_font_size=&#8221;64&#8243; text_font_size_phone=&#8221;36&#8243; text_font_size_last_edited=&#8221;on|phone&#8221; text_text_color=&#8221;#ffffff&#8221; text_line_height=&#8221;1.1em&#8221; custom_margin=&#8221;24px||22px|&#8221; custom_css_main_element=&#8221;font-weight:300;&#8221; inline_fonts=&#8221;Crimson Text,Cuprum,Covered By Your Grace&#8221;]<\/p>\n<p><span style=\"font-family:'Covered By Your Grace';font-weight:normal;\">Haz una despedida de soltera<\/span><\/p>\n<p>[\/et_pb_text][et_pb_button button_url=&#8221;http:\/\/simondice.com.co\/home\/despedidas-de-soltera-para-mujeres\/&#8221; button_text=&#8221;Ver planes para Mujeres&#8221; button_alignment=&#8221;center&#8221; background_layout=&#8221;dark&#8221; button_rel=&#8221;off|off|off|off|off&#8221; admin_label=&#8221;Button&#8221; module_id=&#8221;home-sildemujeres3&#8243; module_class=&#8221;btn-mujeres&#8221; custom_button=&#8221;on&#8221; button_text_size=&#8221;18px&#8221; button_bg_color=&#8221;#e01fa6&#8243; button_use_icon=&#8221;off&#8221; button_text_color_hover=&#8221;#ffffff&#8221; button_bg_color_hover=&#8221;#ea00bf&#8221; custom_css_before=&#8221;margin-top:15px;||margin-bottom:15px;||text-align:center;&#8221; custom_css_main_element=&#8221;margin-bottom:15px;||text-align:center;&#8221; custom_css_after=&#8221;margin-bottom:15px;||text-align:center;&#8221; background_color=&#8221;#f42ebf&#8221;][\/et_pb_button][\/et_pb_column][\/et_pb_row][\/et_pb_section][et_pb_section fb_built=&#8221;1&#8243; background_color=&#8221;#fc20a4&#8243; custom_padding=&#8221;10px||10px|&#8221; disabled_on=&#8221;off|off|off&#8221; admin_label=&#8221;Download App Section&#8221; global_module=&#8221;28453&#8243; collapsed=&#8221;off&#8221;][et_pb_row custom_padding=&#8221;||0px|&#8221; padding_mobile=&#8221;on&#8221; custom_margin=&#8221;0px||0px|&#8221; column_padding_mobile=&#8221;on&#8221; parallax_method_1=&#8221;off&#8221; parallax_method_2=&#8221;off&#8221; admin_label=&#8221;row&#8221; custom_margin_last_edited=&#8221;on|desktop&#8221;][et_pb_column type=&#8221;1_2&#8243; parallax=&#8221;off&#8221; parallax_method=&#8221;off&#8221; column_padding_mobile=&#8221;on&#8221;][et_pb_image src=&#8221;http:\/\/simondice.com.co\/home\/wp-content\/uploads\/2017\/12\/karaoke-final.png&#8221; animation=&#8221;bottom&#8221; align=&#8221;center&#8221; always_center_on_mobile=&#8221;off&#8221; disabled_on=&#8221;off|off|off&#8221; admin_label=&#8221;Image&#8221; custom_margin=&#8221;-50px|||&#8221; custom_margin_last_edited=&#8221;on|desktop&#8221; custom_css_main_element=&#8221;z-index:1;position:relative;&#8221;][\/et_pb_image][\/et_pb_column][et_pb_column type=&#8221;1_2&#8243; parallax=&#8221;off&#8221; parallax_method=&#8221;off&#8221; column_padding_mobile=&#8221;on&#8221;][et_pb_text background_layout=&#8221;dark&#8221; admin_label=&#8221;Text&#8221; module_id=&#8221;home-sildemujeres1&#8243; text_font=&#8221;Lora||||&#8221; text_font_size=&#8221;24&#8243; custom_margin=&#8221;4%||0px|&#8221; custom_css_main_element=&#8221;font-weight:300;&#8221;]<\/p>\n<p>y&#8230; \u00bfc\u00f3mo quieres celebrar<\/p>\n<p>[\/et_pb_text][et_pb_text background_layout=&#8221;dark&#8221; max_width=&#8221;98%&#8221; admin_label=&#8221;Text&#8221; module_id=&#8221;home-sildemujeres2&#8243; text_font=&#8221;Lora||||&#8221; text_font_size=&#8221;64&#8243; text_font_size_phone=&#8221;36&#8243; text_font_size_last_edited=&#8221;on|tablet&#8221; text_line_height=&#8221;1.1em&#8221; custom_margin=&#8221;24px||0px|&#8221; custom_css_main_element=&#8221;font-weight:300;margin-bottom:10px;&#8221; inline_fonts=&#8221;Covered By Your Grace&#8221;]<\/p>\n<p><span style=\"font-family:'Covered By Your Grace';\">t\u00fa ultimo d\u00eda de Solter\u00eda?<\/span><\/p>\n<p>[\/et_pb_text][et_pb_text admin_label=&#8221;Text&#8221; module_class=&#8221;espacio-blanco&#8221;]<\/p>\n<p>[\/et_pb_text][et_pb_button button_url=&#8221;http:\/\/simondice.com.co\/home\/despedidas-de-soltera-para-mujeres\/&#8221; button_text=&#8221;Ver planes para Mujeres&#8221; button_alignment=&#8221;left&#8221; background_layout=&#8221;dark&#8221; button_rel=&#8221;off|off|off|off|off&#8221; admin_label=&#8221;Button&#8221; module_id=&#8221;home-sildemujeres3&#8243; module_class=&#8221;btn-mujeres&#8221; custom_button=&#8221;on&#8221; button_text_color=&#8221;#ffffff&#8221; button_bg_color=&#8221;#9f0eed&#8221; button_text_color_hover=&#8221;#ffffff&#8221; button_bg_color_hover=&#8221;#f221c5&#8243; custom_css_before=&#8221;margin-top:15px;||margin-bottom:15px;&#8221; custom_css_main_element=&#8221;margin-bottom:15px;&#8221; custom_css_after=&#8221;margin-bottom:15px;&#8221; background_color=&#8221;#f42ebf&#8221;][\/et_pb_button][et_pb_text admin_label=&#8221;Text&#8221;][\/et_pb_text][\/et_pb_column][\/et_pb_row][\/et_pb_section][et_pb_section fb_built=&#8221;1&#8243; background_image=&#8221;http:\/\/simondice.com.co\/images\/background.jpeg&#8221; padding_mobile=&#8221;off&#8221; admin_label=&#8221;A Church That&#8221; module_id=&#8221;readmore&#8221; collapsed=&#8221;off&#8221;][et_pb_row custom_padding=&#8221;0px|||&#8221; custom_padding_phone=&#8221;41px|||&#8221; padding_mobile=&#8221;on&#8221; parallax_method_1=&#8221;off&#8221; parallax_method_2=&#8221;off&#8221; admin_label=&#8221;Row&#8221; custom_padding_last_edited=&#8221;on|phone&#8221;][et_pb_column type=&#8221;1_2&#8243; parallax=&#8221;off&#8221; parallax_method=&#8221;off&#8221;][et_pb_divider color=&#8221;#abb2c5&#8243; height=&#8221;0&#8243; hide_on_mobile=&#8221;off&#8221; disabled_on=&#8221;on|on|&#8221; admin_label=&#8221;Divider Desktop&#8221; custom_css_main_element=&#8221;width:50px;&#8221;][\/et_pb_divider][et_pb_text max_width=&#8221;98%&#8221; admin_label=&#8221;Text&#8221; text_font=&#8221;Source Sans Pro||||&#8221; text_font_size=&#8221;20&#8243; text_text_color=&#8221;#575f75&#8243; text_line_height=&#8221;1.5em&#8221; custom_margin=&#8221;18px||0px|&#8221; custom_css_main_element=&#8221;font-weight:300;&#8221;]<\/p>\n<div>\n<h1>Contratar Show para Despedida de Soltera en Bogot\u00e1<\/h1>\n<p>Bienvenida a la mejor experiencia para despedidas de soltera en Bogot\u00e1. Si est\u00e1s buscando una forma \u00fanica y divertida de celebrar esta ocasi\u00f3n especial, est\u00e1s en el lugar correcto.<\/p>\n<h2>\u00bfPor qu\u00e9 contratar un show para despedida de soltera?<\/h2>\n<p>Un show para despedida de soltera es la manera perfecta de hacer que esta noche sea inolvidable. Ofrecemos entretenimiento de alta calidad que asegurar\u00e1 que te diviertas al m\u00e1ximo con tus amigas.<\/p>\n<h3>Nuestras opciones de show<\/h3>\n<p>Contamos con una variedad de shows adaptados a diferentes gustos y preferencias. Desde espect\u00e1culos de comedia hasta performances en vivo, tenemos algo para todos.<\/p>\n<h4>Beneficios de contratar nuestro show<\/h4>\n<ul>\n<li>Experiencia \u00fanica y divertida.<\/li>\n<li>Personal profesional y amigable.<\/li>\n<li>Opciones personalizables para grupos.<\/li>\n<\/ul>\n<h5>Testimonios de clientes<\/h5>\n<p>Escucha lo que nuestras clientes tienen que decir sobre su experiencia con nosotros. Sus opiniones resaltan la calidad y diversi\u00f3n de nuestros shows, asegurando que est\u00e9n satisfechas y felices con su elecci\u00f3n.<\/p>\n<h2>\u00bfC\u00f3mo contratar?<\/h2>\n<p>Hacer tu reserva es f\u00e1cil. Simplemente visita nuestra p\u00e1gina web y completa el formulario de contacto. Te responderemos r\u00e1pidamente para coordinar todos los detalles.<\/p>\n<h3>Contacta con nosotros<\/h3>\n<p>No dudes en ponerte en contacto para cualquier duda o consulta. Estamos aqu\u00ed para ayudarte a hacer de tu despedida de soltera un evento inolvidable.<\/p>\n<p>\u00a1Celebra en grande con nosotros en Bogot\u00e1!<\/p>\n<\/div>\n<p>[\/et_pb_text][\/et_pb_column][et_pb_column type=&#8221;1_2&#8243; parallax=&#8221;off&#8221; parallax_method=&#8221;off&#8221;][et_pb_text max_width=&#8221;98%&#8221; admin_label=&#8221;Text&#8221; text_font=&#8221;Source Sans Pro||||&#8221; text_font_size=&#8221;20&#8243; text_text_color=&#8221;#575f75&#8243; text_line_height=&#8221;1.5em&#8221; custom_margin=&#8221;18px||0px|&#8221; custom_css_main_element=&#8221;font-weight:300;&#8221;]<\/p>\n<p style=\"text-align:center;\"><strong>Selecciona tu g\u00e9nero<\/strong><\/p>\n<p>[\/et_pb_text][et_pb_image src=&#8221;http:\/\/simondice.com.co\/home\/wp-content\/uploads\/2019\/03\/icon-tetas2.png&#8221; url=&#8221;http:\/\/simondice.com.co\/home\/despedidas-de-soltera-para-mujeres\/&#8221; animation=&#8221;right&#8221; align=&#8221;center&#8221; max_width=&#8221;70%&#8221; admin_label=&#8221;Image&#8221; module_id=&#8221;botonMujer&#8221; custom_margin=&#8221;|||-2%&#8221; custom_css_main_element=&#8221;border-radius:300px;&#8221;][\/et_pb_image][et_pb_image src=&#8221;http:\/\/simondice.com.co\/home\/wp-content\/uploads\/2017\/12\/icon-pene.png&#8221; url=&#8221;http:\/\/simondice.com.co\/home\/despedidas-de-soltero-para-hombres\/&#8221; align=&#8221;center&#8221; max_width=&#8221;59%&#8221; admin_label=&#8221;Image&#8221; module_id=&#8221;botonHombre&#8221; custom_margin=&#8221;-28%|||41%&#8221; custom_css_main_element=&#8221;border-radius:300px;&#8221;][\/et_pb_image][\/et_pb_column][\/et_pb_row][\/et_pb_section]<\/p>\n","protected":false},"excerpt":{"rendered":"<p>[et_pb_section fb_built=&#8221;1&#8243; background_image=&#8221;http:\/\/simondice.com.co\/home\/wp-content\/uploads\/2018\/08\/WhatsApp-Image-2018-08-08-at-4.25.07-PM.jpeg&#8221; background_color=&#8221;#ede7f6&#8243; parallax=&#8221;on&#8221; custom_padding=&#8221;0px||0px|&#8221; padding_mobile=&#8221;on&#8221; disabled_on=&#8221;off|off|off&#8221; admin_label=&#8221;Header Section&#8221; custom_css_main_element=&#8221;border-top: 1px solid #7E57C2;&#8221; global_module=&#8221;28458&#8243; collapsed=&#8221;off&#8221;][et_pb_row custom_padding=&#8221;10%||10%|&#8221; custom_padding_phone=&#8221;100px||100px|&#8221; column_padding_mobile=&#8221;on&#8221; parallax_method_1=&#8221;off&#8221; parallax_method_2=&#8221;off&#8221; admin_label=&#8221;row&#8221; module_id=&#8221;contenedor-slidehome&#8221; custom_padding_last_edited=&#8221;on|phone&#8221;][et_pb_column type=&#8221;4_4&#8243; parallax=&#8221;off&#8221; parallax_method=&#8221;off&#8221; column_padding_mobile=&#8221;on&#8221;][et_pb_text background_layout=&#8221;dark&#8221; admin_label=&#8221;Text&#8221; module_id=&#8221;home-sildemujeres1&#8243; text_font=&#8221;Lora||||&#8221; text_font_size=&#8221;24&#8243; custom_margin=&#8221;4%||0px|&#8221; custom_css_main_element=&#8221;font-weight:300;&#8221;] Sim\u00f3n dice [\/et_pb_text][et_pb_text text_orientation=&#8221;center&#8221; admin_label=&#8221;Text&#8221; text_font=&#8221;Lora||||&#8221; text_font_size=&#8221;24&#8243; text_text_color=&#8221;#ffffff&#8221; custom_margin=&#8221;||0px|&#8221; custom_css_main_element=&#8221;font-weight:300;&#8221; inline_fonts=&#8221;Boogaloo,Comfortaa&#8221;][\/et_pb_text][et_pb_text text_orientation=&#8221;center&#8221; max_width=&#8221;70%&#8221; max_width_tablet=&#8221;80%&#8221; max_width_last_edited=&#8221;on|phone&#8221; admin_label=&#8221;Text&#8221; module_id=&#8221;texto-ultimodia&#8221; text_font=&#8221;Lora|on|||&#8221; text_font_size=&#8221;64&#8243; text_font_size_phone=&#8221;36&#8243; [&hellip;]<\/p>\n","protected":false},"author":1,"featured_media":0,"parent":0,"menu_order":0,"comment_status":"closed","ping_status":"closed","template":"","meta":{"_yoast_wpseo_focuskw":"contratar show para despedida de soltera en Bogot\u00e1 en Bogot\u00e1","_yoast_wpseo_title":"contratar show para despedida de soltera en Bogot\u00e1 en Bogot\u00e1","_yoast_wpseo_metadesc":"contratar show para despedida de soltera en Bogot\u00e1 en Bogot\u00e1.","footnotes":""},"class_list":["post-29973","page","type-page","status-publish","hentry"],"_links":{"self":[{"href":"https:\/\/simondice.com.co\/home\/wp-json\/wp\/v2\/pages\/29973","targetHints":{"allow":["GET"]}}],"collection":[{"href":"https:\/\/simondice.com.co\/home\/wp-json\/wp\/v2\/pages"}],"about":[{"href":"https:\/\/simondice.com.co\/home\/wp-json\/wp\/v2\/types\/page"}],"author":[{"embeddable":true,"href":"https:\/\/simondice.com.co\/home\/wp-json\/wp\/v2\/users\/1"}],"replies":[{"embeddable":true,"href":"https:\/\/simondice.com.co\/home\/wp-json\/wp\/v2\/comments?post=29973"}],"version-history":[{"count":2,"href":"https:\/\/simondice.com.co\/home\/wp-json\/wp\/v2\/pages\/29973\/revisions"}],"predecessor-version":[{"id":30141,"href":"https:\/\/simondice.com.co\/home\/wp-json\/wp\/v2\/pages\/29973\/revisions\/30141"}],"wp:attachment":[{"href":"https:\/\/simondice.com.co\/home\/wp-json\/wp\/v2\/media?parent=29973"}],"curies":[{"name":"wp","href":"https:\/\/api.w.org\/{rel}","templated":true}]}}