{"id":53,"date":"2017-12-13T23:11:28","date_gmt":"2017-12-13T23:11:28","guid":{"rendered":"http:\/\/simondice.com.co\/home\/?page_id=53"},"modified":"2026-03-04T19:43:52","modified_gmt":"2026-03-04T19:43:52","slug":"despedidas-de-soltero-para-hombres","status":"publish","type":"page","link":"https:\/\/simondice.com.co\/home\/despedidas-de-soltero-para-hombres\/","title":{"rendered":"Hombres"},"content":{"rendered":"<p>[et_pb_section fb_built=&#8221;1&#8243; background_image=&#8221;http:\/\/simondice.com.co\/home\/wp-content\/uploads\/2017\/12\/bachelor_party_2.png&#8221; background_color=&#8221;#ede7f6&#8243; parallax=&#8221;on&#8221; custom_padding=&#8221;0px||0px|&#8221; padding_mobile=&#8221;on&#8221; disabled_on=&#8221;off|off|off&#8221; admin_label=&#8221;Header Section&#8221; custom_css_main_element=&#8221;border-top: 1px solid #7E57C2;&#8221; collapsed=&#8221;off&#8221;][et_pb_row custom_padding=&#8221;9.5%||9.5%|&#8221; custom_padding_phone=&#8221;100px||100px|&#8221; padding_mobile=&#8221;on&#8221; column_padding_mobile=&#8221;on&#8221; parallax_method_1=&#8221;off&#8221; parallax_method_2=&#8221;off&#8221; admin_label=&#8221;row&#8221; custom_padding_last_edited=&#8221;on|phone&#8221;][et_pb_column type=&#8221;4_4&#8243; parallax=&#8221;off&#8221; parallax_method=&#8221;off&#8221; column_padding_mobile=&#8221;on&#8221;][et_pb_text text_orientation=&#8221;center&#8221; max_width=&#8221;720px&#8221; admin_label=&#8221;Text&#8221; text_font=&#8221;Roboto Light||||&#8221; text_font_size=&#8221;20&#8243; text_text_color=&#8221;#ffffff&#8221; text_line_height=&#8221;1.5em&#8221; custom_margin=&#8221;0px||40px|&#8221; custom_margin_tablet=&#8221;0px||38px|&#8221; custom_margin_last_edited=&#8221;on|phone&#8221; custom_css_main_element=&#8221;font-weight:300;&#8221;]<\/p>\n<p class=\"\"><img loading=\"lazy\" decoding=\"async\" src=\"http:\/\/simondice.com.co\/home\/wp-content\/uploads\/2017\/12\/icono-despedida-soltero-1.png\" width=\"135\" height=\"269\" alt=\"\" class=\"wp-image-28466 alignnone size-full\" \/><\/p>\n<p>[\/et_pb_text][et_pb_text text_orientation=&#8221;center&#8221; admin_label=&#8221;Text&#8221; module_id=&#8221;como-quieres-hombre&#8221; text_font=&#8221;Lora||||&#8221; text_font_size=&#8221;24&#8243; text_text_color=&#8221;#ffffff&#8221; custom_margin=&#8221;||0px|&#8221; custom_css_main_element=&#8221;font-weight:300;&#8221; inline_fonts=&#8221;Boogaloo,Comfortaa&#8221;]<\/p>\n<p>\u00bfComo quieres pasar<\/p>\n<p>[\/et_pb_text][et_pb_text text_orientation=&#8221;center&#8221; max_width=&#8221;70%&#8221; max_width_tablet=&#8221;80%&#8221; max_width_last_edited=&#8221;on|phone&#8221; admin_label=&#8221;Text&#8221; module_id=&#8221;ultimo-dia-hombres&#8221; text_font=&#8221;Lora|on|||&#8221; text_font_size=&#8221;64&#8243; text_font_size_phone=&#8221;36&#8243; text_font_size_last_edited=&#8221;on|phone&#8221; text_text_color=&#8221;#ffffff&#8221; text_line_height=&#8221;1.1em&#8221; custom_margin=&#8221;24px||22px|&#8221; custom_css_main_element=&#8221;font-weight:300;&#8221; inline_fonts=&#8221;Crimson Text,Cuprum,Covered By Your Grace&#8221;]<\/p>\n<p class=\"\"><span style=\"font-family: 'Covered By Your Grace'; font-weight: normal;\">este ultimo d\u00eda?<\/span><\/p>\n<p>[\/et_pb_text][et_pb_button button_url=&#8221;#planes&#8221; button_text=&#8221;PLANES&#8221; button_alignment=&#8221;center&#8221; disabled_on=&#8221;off|off|off&#8221; admin_label=&#8221;Button&#8221; custom_button=&#8221;on&#8221; button_text_size=&#8221;13&#8243; button_text_color=&#8221;#ffffff&#8221; button_bg_color=&#8221;#ff00bf&#8221; button_border_width=&#8221;0&#8243; button_border_color=&#8221;#575f75&#8243; button_border_radius=&#8221;4&#8243; button_letter_spacing=&#8221;1&#8243; button_font=&#8221;Roboto||||&#8221; button_icon=&#8221;%%18%%&#8221; button_text_color_hover=&#8221;#ffffff&#8221; button_bg_color_hover=&#8221;#3f465a&#8221; button_border_color_hover=&#8221;#3f465a&#8221; button_border_radius_hover=&#8221;4&#8243; button_letter_spacing_hover=&#8221;1&#8243; custom_css_before=&#8221;display: none !important;&#8221; custom_css_main_element=&#8221;padding-top: 15px !important;||padding-right: 38px !important;||padding-bottom: 14px !important;||padding-left: 38px !important;||||font-weight:700;&#8221; background_color=&#8221;#f42ebf&#8221;][\/et_pb_button][\/et_pb_column][\/et_pb_row][\/et_pb_section][et_pb_section fb_built=&#8221;1&#8243; background_image=&#8221;http:\/\/simondice.com.co\/images\/background.jpeg&#8221; background_color=&#8221;#f3f3f3&#8243; inner_shadow=&#8221;on&#8221; custom_padding=&#8221;54px|1px|54px|0px&#8221; admin_label=&#8221;section&#8221;][et_pb_row custom_padding=&#8221;0px|0px|13px|0px&#8221; admin_label=&#8221;row&#8221;][et_pb_column type=&#8221;4_4&#8243; parallax=&#8221;off&#8221; parallax_method=&#8221;on&#8221;][et_pb_text admin_label=&#8221;Text&#8221;]<\/p>\n<div class=\"et_pb_text et_pb_module et_pb_bg_layout_light et_pb_text_align_center et_pb_text_11\">Sim\u00f3n dice<\/div>\n<p>[\/et_pb_text][et_pb_text text_orientation=&#8221;center&#8221; admin_label=&#8221;Text&#8221; inline_fonts=&#8221;Covered By Your Grace&#8221;]<\/p>\n<p><span style=\"font-family: 'Covered By Your Grace'; font-weight: normal; font-size: 55px; color: #ff00c7;\" mce-data-marked=\"1\">Elige un plan<\/span><\/p>\n<p>[\/et_pb_text][et_pb_divider height=&#8221;60&#8243; admin_label=&#8221;Divider&#8221;][\/et_pb_divider][et_pb_pricing_tables disabled_on=&#8221;off|off|off&#8221; admin_label=&#8221;Pricing Table&#8221; module_id=&#8221;planes&#8221; header_font_size=&#8221;16px&#8221; price_font_size=&#8221;25px&#8221;][et_pb_pricing_table featured=&#8221;on&#8221; title=&#8221;Show Stripper&#8221; subtitle=&#8221;a domicilio&#8221; currency=&#8221;$&#8221; per=&#8221;Total&#8221; sum=&#8221;320.000&#8243; button_url=&#8221;https:\/\/simondice.com.co\/home\/contacto\/&#8221; button_text=&#8221;Reservar&#8221; header_font=&#8221;||||&#8221; subheader_font=&#8221;||||&#8221; currency_frequency_font=&#8221;||||&#8221; price_font=&#8221;||||&#8221; body_font=&#8221;||||&#8221; button_icon_placement=&#8221;right&#8221; button_on_hover=&#8221;on&#8221; custom_css_pricing_content=&#8221;height: 340px;&#8221;]<\/p>\n<p>+Show de 30 minutos<\/p>\n<p>+2 Salidas de 15 minutos con traje diferente ( Colegiala, Enfermera, Policia, Secretaria, Mucama, Lenceria, etc.)<\/p>\n<p><a href=\"http:\/\/simondice.com.co\/home\/catalogo-de-stipper-hombres\/\" class=\"et_pb_pricing_table_button et_pb_button\">Ver Catalogo<\/a><\/p>\n<p>[\/et_pb_pricing_table][et_pb_pricing_table title=&#8221;Show Mastubacion&#8221; subtitle=&#8221;a domicilio&#8221; currency=&#8221;$&#8221; per=&#8221;Total&#8221; sum=&#8221;380.000&#8243; button_url=&#8221;https:\/\/simondice.com.co\/home\/contacto\/&#8221; button_text=&#8221;Reservar&#8221; header_font=&#8221;||||&#8221; subheader_font=&#8221;||||&#8221; currency_frequency_font=&#8221;||||&#8221; price_font=&#8221;||||&#8221; body_font=&#8221;||||&#8221; button_icon_placement=&#8221;right&#8221; button_on_hover=&#8221;on&#8221; custom_css_pricing_content=&#8221;height: 340px;&#8221;]<\/p>\n<p>+Show de 35 minutos<\/p>\n<p>+show stripper 15 minutos<\/p>\n<p>+incluye una sola chica usando diferentes vestuarios, aceites cremas y m\u00e1s<\/p>\n<p>[\/et_pb_pricing_table][et_pb_pricing_table title=&#8221;Show Lesbian&#8221; subtitle=&#8221;a domicilio&#8221; currency=&#8221;$&#8221; per=&#8221;Total&#8221; sum=&#8221;650.000&#8243; button_url=&#8221;https:\/\/simondice.com.co\/home\/contacto\/&#8221; button_text=&#8221;Reservar&#8221; header_font=&#8221;||||&#8221; subheader_font=&#8221;||||&#8221; currency_frequency_font=&#8221;||||&#8221; price_font=&#8221;||||&#8221; body_font=&#8221;||||&#8221; button_icon_placement=&#8221;right&#8221; button_on_hover=&#8221;on&#8221; custom_css_pricing_content=&#8221;height: 340px;&#8221;]<\/p>\n<p>+Show de 35 minutos 2 chicas<\/p>\n<p>+Incluye show de stripper 15 minutos<\/p>\n<p>+incluye m\u00faltiples posiciones, vestuarios, juguetes, besos y un mont\u00f3n de juegos de chica con chica con un final muy h\u00famedo<\/p>\n<p>[\/et_pb_pricing_table][et_pb_pricing_table title=&#8221;Show Anal&#8221; subtitle=&#8221;a domicilio&#8221; currency=&#8221;$&#8221; per=&#8221;Total&#8221; sum=&#8221;520.000&#8243; button_url=&#8221;https:\/\/simondice.com.co\/home\/contacto\/&#8221; button_text=&#8221;Reservar&#8221; header_font=&#8221;||||&#8221; subheader_font=&#8221;||||&#8221; currency_frequency_font=&#8221;||||&#8221; price_font=&#8221;||||&#8221; body_font=&#8221;||||&#8221; button_icon_placement=&#8221;right&#8221; button_on_hover=&#8221;on&#8221; custom_css_pricing_content=&#8221;height: 340px;&#8221;]<\/p>\n<p>+Show de 35 minutos 1 chica<\/p>\n<p>+Incluye show de stripper 15 minutos<\/p>\n<p>+Juguetes a control remoto, aceites cremas y m\u00e1s para que participes en el show<\/p>\n<p>[\/et_pb_pricing_table][et_pb_pricing_table title=&#8221;Strippers para fiestas&#8221; subtitle=&#8221;a domicilio&#8221; currency=&#8221;$&#8221; per=&#8221;*Hora&#8221; sum=&#8221;550.000&#8243; button_url=&#8221;https:\/\/simondice.com.co\/home\/contacto\/&#8221; button_text=&#8221;Reservar&#8221; header_font=&#8221;||||&#8221; subheader_font=&#8221;||||&#8221; currency_frequency_font=&#8221;||||&#8221; price_font=&#8221;||||&#8221; body_font=&#8221;||||&#8221; button_icon_placement=&#8221;right&#8221; button_on_hover=&#8221;on&#8221; custom_css_pricing_content=&#8221;height: 340px;&#8221;]<\/p>\n<p>+ 1 Stripper<\/p>\n<p>+Shows eroticos<\/p>\n<p>Colegiala, Enfermera, Secretaria, Lenceria t\u00fa eliges<\/p>\n<p>1 Horas inolvidable de duraci\u00f2n<\/p>\n<p>[\/et_pb_pricing_table][et_pb_pricing_table title=&#8221;Sexy LimoBus &#8221; subtitle=&#8221;Limo Bus&#8221; currency=&#8221;$&#8221; per=&#8221;Persona&#8221; sum=&#8221;350.000&#8243; button_url=&#8221;https:\/\/simondice.com.co\/home\/contacto\/&#8221; button_text=&#8221;Reservar&#8221; header_font=&#8221;||||&#8221; subheader_font=&#8221;||||&#8221; currency_frequency_font=&#8221;||||&#8221; price_font=&#8221;||||&#8221; body_font=&#8221;||||&#8221; button_icon_placement=&#8221;right&#8221; button_on_hover=&#8221;on&#8221; custom_css_pricing_content=&#8221;height: 340px;&#8221;]<\/p>\n<p>+Para grupos de 5 personas en adelante<\/p>\n<p>+Recorrido en LimoBus por 2 horas<\/p>\n<p>+Show de stripper y masturbacion dentro de el limobus<\/p>\n<p>+Trago ilimitado durante el recorrido<\/p>\n<p>+Recogida y llegada en un punto de la ciudad<\/p>\n<p>[\/et_pb_pricing_table][et_pb_pricing_table title=&#8221;Limo Party&#8221; subtitle=&#8221;con locaci\u00f3n&#8221; currency=&#8221;$&#8221; per=&#8221;Persona&#8221; sum=&#8221;280.000&#8243; button_url=&#8221;https:\/\/simondice.com.co\/home\/contacto\/&#8221; button_text=&#8221;Reservar&#8221; header_font=&#8221;||||&#8221; subheader_font=&#8221;||||&#8221; currency_frequency_font=&#8221;||||&#8221; currency_frequency_line_height=&#8221;1.1em&#8221; currency_frequency_line_height_tablet=&#8221;1.1em&#8221; currency_frequency_line_height_phone=&#8221;1.1em&#8221; price_font=&#8221;||||&#8221; body_font=&#8221;||||&#8221; button_icon_placement=&#8221;right&#8221; button_on_hover=&#8221;on&#8221; custom_css_pricing_content=&#8221;height: 340px;&#8221;]<\/p>\n<p>Para grupos de 6 personas en adelante<\/p>\n<p>+Recorrido en Limusina durante 1 hora (Incluye shows eroticos 1 Stripper)<\/p>\n<p>+Trago ilimitado durante el recorrido<\/p>\n<p>[\/et_pb_pricing_table][et_pb_pricing_table title=&#8221;Locaci\u00f3n&#8221; subtitle=&#8221;Locaci\u00f3n para tu despedida&#8221; currency=&#8221;$&#8221; per=&#8221;Total&#8221; button_url=&#8221;https:\/\/simondice.com.co\/home\/contacto\/&#8221; button_text=&#8221;Reservar&#8221; header_font=&#8221;||||&#8221; subheader_font=&#8221;||||&#8221; currency_frequency_font=&#8221;||||&#8221; currency_frequency_line_height=&#8221;1.1em&#8221; currency_frequency_line_height_tablet=&#8221;1.1em&#8221; currency_frequency_line_height_phone=&#8221;1.1em&#8221; price_font=&#8221;||||&#8221; body_font=&#8221;||||&#8221; button_icon_placement=&#8221;right&#8221; button_on_hover=&#8221;on&#8221; custom_css_pricing_content=&#8221;height: 340px;&#8221;]<\/p>\n<p>+<span>Locaci\u00f3n privada en Bogot\u00e0.<\/span><\/p>\n<\/p>\n<p>+<span>Cotiza con nuestros asesores la locaci\u00f3n y compa\u00f1ia perfecta para tu despedida de soltero<\/span><\/p>\n<\/p>\n<p>[\/et_pb_pricing_table][\/et_pb_pricing_tables][et_pb_divider height=&#8221;60&#8243; admin_label=&#8221;Divider&#8221;][\/et_pb_divider][\/et_pb_column][\/et_pb_row][\/et_pb_section][et_pb_section fb_built=&#8221;1&#8243; custom_padding=&#8221;47px|0px|54px|0px&#8221; admin_label=&#8221;section&#8221;][et_pb_row admin_label=&#8221;row&#8221;][et_pb_column type=&#8221;1_2&#8243; parallax=&#8221;off&#8221; parallax_method=&#8221;on&#8221;][et_pb_text admin_label=&#8221;Text&#8221;]<\/p>\n<h3 style=\"font-family: 'Covered By Your Grace'; font-weight: normal; font-size: 55px; color: #ff00c7;\">Con\u00f3ce m\u00e1s Planes<\/h3>\n<p>Stripper Bogot\u00e1 es una empresa dedicada a la realizaci\u00f3n de espect\u00e1culos y shows eroticos en Colombia, garantizando a sus clientes vivir experiencia \u00fanicas. Somos la empresa l\u00edder en este tipo de eventos.<\/p>\n<p>Un buen plan al lado de la mejor compa\u00f1\u00eda.<\/p>\n<p>Ponemos a tu disposici\u00f3n nuestro mejor personal.<\/p>\n<p>T\u00fa nos dices tus ideas, nosotros las hacemos realidad.<\/p>\n<p>Con\u00f3ce todos nuestros planes para tu despedida de soltera<\/p>\n<p><a class=\"et_pb_button et_pb_custom_button_icon et_pb_button_0 et_pb_module et_pb_bg_layout_light\" href=\"http:\/\/stripperbogota.com\/\" style=\"background-color: #f089d6!important;\" target=\"_blank\" rel=\"noopener\"><span class=\"bl\">Ver<\/span><\/a><\/p>\n<p>[\/et_pb_text][\/et_pb_column][et_pb_column type=&#8221;1_2&#8243; parallax=&#8221;off&#8221; parallax_method=&#8221;on&#8221;][et_pb_code admin_label=&#8221;Code&#8221;]&lt;img loading=&quot;lazy&quot; class=&quot;aligncenter size-full wp-image-573&quot; src=&quot;http:\/\/coctelesyeventos.com\/wp-content\/uploads\/2017\/02\/LOGO-180.png&quot; alt=&quot;LOGO 180&quot; width=&quot;388&quot; height=&quot;388&quot; srcset=&quot;http:\/\/coctelesyeventos.com\/wp-content\/uploads\/2017\/02\/LOGO-180.png 388w, http:\/\/coctelesyeventos.com\/wp-content\/uploads\/2017\/02\/LOGO-180-150&#215;150.png 150w, http:\/\/coctelesyeventos.com\/wp-content\/uploads\/2017\/02\/LOGO-180-300&#215;300.png 300w, http:\/\/coctelesyeventos.com\/wp-content\/uploads\/2017\/02\/LOGO-180-146&#215;146.png 146w, http:\/\/coctelesyeventos.com\/wp-content\/uploads\/2017\/02\/LOGO-180-50&#215;50.png 50w, http:\/\/coctelesyeventos.com\/wp-content\/uploads\/2017\/02\/LOGO-180-80&#215;80.png 80w, http:\/\/coctelesyeventos.com\/wp-content\/uploads\/2017\/02\/LOGO-180-85&#215;85.png 85w&quot; sizes=&quot;(max-width: 388px) 100vw, 388px&quot;&gt;[\/et_pb_code][\/et_pb_column][\/et_pb_row][\/et_pb_section][et_pb_section fb_built=&#8221;1&#8243; background_image=&#8221;https:\/\/elegantthemesimages.com\/images\/premade\/d2-placeholder-1920.png&#8221; inner_shadow=&#8221;on&#8221; admin_label=&#8221;section&#8221;][et_pb_row admin_label=&#8221;row&#8221;][et_pb_column type=&#8221;4_4&#8243; parallax=&#8221;off&#8221; parallax_method=&#8221;on&#8221;][et_pb_cta title=&#8221;No seas t\u00edmido&#8221; button_url=&#8221;http:\/\/stripperbogota.com\/&#8221; button_text=&#8221;Contactar&#8221; use_background_color=&#8221;off&#8221; admin_label=&#8221;Call To Action&#8221;]<\/p>\n<p>\u00bfTienes otra cosa en mente? cuentanos&#8230;<\/p>\n<p>[\/et_pb_cta][\/et_pb_column][\/et_pb_row][\/et_pb_section]<\/p>\n","protected":false},"excerpt":{"rendered":"<p>[et_pb_section fb_built=&#8221;1&#8243; background_image=&#8221;http:\/\/simondice.com.co\/home\/wp-content\/uploads\/2017\/12\/bachelor_party_2.png&#8221; background_color=&#8221;#ede7f6&#8243; parallax=&#8221;on&#8221; custom_padding=&#8221;0px||0px|&#8221; padding_mobile=&#8221;on&#8221; disabled_on=&#8221;off|off|off&#8221; admin_label=&#8221;Header Section&#8221; custom_css_main_element=&#8221;border-top: 1px solid #7E57C2;&#8221; collapsed=&#8221;off&#8221;][et_pb_row custom_padding=&#8221;9.5%||9.5%|&#8221; custom_padding_phone=&#8221;100px||100px|&#8221; padding_mobile=&#8221;on&#8221; column_padding_mobile=&#8221;on&#8221; parallax_method_1=&#8221;off&#8221; parallax_method_2=&#8221;off&#8221; admin_label=&#8221;row&#8221; custom_padding_last_edited=&#8221;on|phone&#8221;][et_pb_column type=&#8221;4_4&#8243; parallax=&#8221;off&#8221; parallax_method=&#8221;off&#8221; column_padding_mobile=&#8221;on&#8221;][et_pb_text text_orientation=&#8221;center&#8221; max_width=&#8221;720px&#8221; admin_label=&#8221;Text&#8221; text_font=&#8221;Roboto Light||||&#8221; text_font_size=&#8221;20&#8243; text_text_color=&#8221;#ffffff&#8221; text_line_height=&#8221;1.5em&#8221; custom_margin=&#8221;0px||40px|&#8221; custom_margin_tablet=&#8221;0px||38px|&#8221; custom_margin_last_edited=&#8221;on|phone&#8221; custom_css_main_element=&#8221;font-weight:300;&#8221;] [\/et_pb_text][et_pb_text text_orientation=&#8221;center&#8221; admin_label=&#8221;Text&#8221; module_id=&#8221;como-quieres-hombre&#8221; text_font=&#8221;Lora||||&#8221; text_font_size=&#8221;24&#8243; text_text_color=&#8221;#ffffff&#8221; custom_margin=&#8221;||0px|&#8221; custom_css_main_element=&#8221;font-weight:300;&#8221; inline_fonts=&#8221;Boogaloo,Comfortaa&#8221;] \u00bfComo quieres pasar [\/et_pb_text][et_pb_text text_orientation=&#8221;center&#8221; max_width=&#8221;70%&#8221; [&hellip;]<\/p>\n","protected":false},"author":1,"featured_media":0,"parent":0,"menu_order":0,"comment_status":"closed","ping_status":"closed","template":"","meta":{"_yoast_wpseo_focuskw":"Despedidas de soltero para hombres en Bogot\u00e1","_yoast_wpseo_title":"","_yoast_wpseo_metadesc":"Despedidas de soltero para hombres en Bogot\u00e1, conoc\u00e9 los planes m\u00e1s salvajes para celebrar esta fecha tan memorable","footnotes":""},"class_list":["post-53","page","type-page","status-publish","hentry"],"_links":{"self":[{"href":"https:\/\/simondice.com.co\/home\/wp-json\/wp\/v2\/pages\/53","targetHints":{"allow":["GET"]}}],"collection":[{"href":"https:\/\/simondice.com.co\/home\/wp-json\/wp\/v2\/pages"}],"about":[{"href":"https:\/\/simondice.com.co\/home\/wp-json\/wp\/v2\/types\/page"}],"author":[{"embeddable":true,"href":"https:\/\/simondice.com.co\/home\/wp-json\/wp\/v2\/users\/1"}],"replies":[{"embeddable":true,"href":"https:\/\/simondice.com.co\/home\/wp-json\/wp\/v2\/comments?post=53"}],"version-history":[{"count":162,"href":"https:\/\/simondice.com.co\/home\/wp-json\/wp\/v2\/pages\/53\/revisions"}],"predecessor-version":[{"id":30181,"href":"https:\/\/simondice.com.co\/home\/wp-json\/wp\/v2\/pages\/53\/revisions\/30181"}],"wp:attachment":[{"href":"https:\/\/simondice.com.co\/home\/wp-json\/wp\/v2\/media?parent=53"}],"curies":[{"name":"wp","href":"https:\/\/api.w.org\/{rel}","templated":true}]}}