{"id":55,"date":"2017-12-13T23:11:45","date_gmt":"2017-12-13T23:11:45","guid":{"rendered":"http:\/\/simondice.com.co\/home\/?page_id=55"},"modified":"2026-03-06T15:13:18","modified_gmt":"2026-03-06T15:13:18","slug":"despedidas-de-soltera-para-mujeres","status":"publish","type":"page","link":"https:\/\/simondice.com.co\/home\/despedidas-de-soltera-para-mujeres\/","title":{"rendered":"Mujeres"},"content":{"rendered":"<p>[et_pb_section fb_built=&#8221;1&#8243; background_image=&#8221;http:\/\/simondice.com.co\/home\/wp-content\/uploads\/2017\/12\/methode2Ftimes2Fprod2Fweb2Fbin2Fe6ca6ef2-8b42-11e6-a2fd-acf8ba5605c0-e1514404331637.jpg&#8221; background_color=&#8221;#ede7f6&#8243; parallax=&#8221;on&#8221; custom_padding=&#8221;0px||0px|&#8221; padding_mobile=&#8221;on&#8221; disabled_on=&#8221;off|off|off&#8221; admin_label=&#8221;Header Section&#8221; custom_css_main_element=&#8221;border-top: 1px solid #7E57C2;&#8221; collapsed=&#8221;off&#8221;][et_pb_row custom_padding=&#8221;9.5%||9.5%|&#8221; custom_padding_phone=&#8221;100px||100px|&#8221; padding_mobile=&#8221;on&#8221; column_padding_mobile=&#8221;on&#8221; parallax_method_1=&#8221;off&#8221; parallax_method_2=&#8221;off&#8221; admin_label=&#8221;row&#8221; custom_padding_last_edited=&#8221;on|phone&#8221;][et_pb_column type=&#8221;4_4&#8243; parallax=&#8221;off&#8221; parallax_method=&#8221;off&#8221; column_padding_mobile=&#8221;on&#8221;][et_pb_text text_orientation=&#8221;center&#8221; max_width=&#8221;720px&#8221; admin_label=&#8221;Text&#8221; text_font=&#8221;Roboto Light||||&#8221; text_font_size=&#8221;20&#8243; text_text_color=&#8221;#ffffff&#8221; text_line_height=&#8221;1.5em&#8221; custom_margin=&#8221;0px||40px|&#8221; custom_margin_tablet=&#8221;0px||38px|&#8221; custom_margin_last_edited=&#8221;on|phone&#8221; custom_css_main_element=&#8221;font-weight:300;&#8221;]<\/p>\n<p class=\"\"><img loading=\"lazy\" decoding=\"async\" src=\"http:\/\/simondice.com.co\/home\/wp-content\/uploads\/2017\/12\/icono-despedida-soltera.png\" width=\"145\" height=\"269\" alt=\"\" class=\"wp-image-28554 alignnone size-full\" \/><\/p>\n<p>[\/et_pb_text][et_pb_text text_orientation=&#8221;center&#8221; admin_label=&#8221;Text&#8221; text_font=&#8221;Lora||||&#8221; text_font_size=&#8221;24&#8243; text_text_color=&#8221;#ffffff&#8221; custom_margin=&#8221;||0px|&#8221; custom_css_main_element=&#8221;font-weight:300;&#8221; inline_fonts=&#8221;Boogaloo,Comfortaa&#8221;]<\/p>\n<p><span como=\"\" quieres=\"\" pasar=\"\">\u00bfComo quieres pasar<\/span><\/p>\n<p>[\/et_pb_text][et_pb_text text_orientation=&#8221;center&#8221; max_width=&#8221;70%&#8221; max_width_tablet=&#8221;80%&#8221; max_width_last_edited=&#8221;on|phone&#8221; admin_label=&#8221;Text&#8221; text_font=&#8221;Lora|on|||&#8221; text_font_size=&#8221;64&#8243; text_font_size_phone=&#8221;36&#8243; text_font_size_last_edited=&#8221;on|phone&#8221; text_text_color=&#8221;#ffffff&#8221; text_line_height=&#8221;1.1em&#8221; custom_margin=&#8221;24px||22px|&#8221; custom_css_main_element=&#8221;font-weight:300;&#8221; inline_fonts=&#8221;Crimson Text,Cuprum,Covered By Your Grace&#8221;]<\/p>\n<p class=\"\"><span style=\"font-family: 'Covered By Your Grace'; font-weight: normal;\" mce-data-marked=\"1\">este ultimo d\u00eda?<\/span><\/p>\n<p>[\/et_pb_text][et_pb_button button_url=&#8221;#planes&#8221; button_text=&#8221;PLANES&#8221; button_alignment=&#8221;center&#8221; disabled_on=&#8221;off|off|off&#8221; admin_label=&#8221;Button&#8221; custom_button=&#8221;on&#8221; button_text_size=&#8221;13&#8243; button_text_color=&#8221;#ffffff&#8221; button_bg_color=&#8221;#f700da&#8221; button_border_width=&#8221;0&#8243; button_border_color=&#8221;#575f75&#8243; button_border_radius=&#8221;4&#8243; button_letter_spacing=&#8221;1&#8243; button_font=&#8221;Roboto||||&#8221; button_icon=&#8221;%%18%%&#8221; button_text_color_hover=&#8221;#ffffff&#8221; button_bg_color_hover=&#8221;#3f465a&#8221; button_border_color_hover=&#8221;#3f465a&#8221; button_border_radius_hover=&#8221;4&#8243; button_letter_spacing_hover=&#8221;1&#8243; custom_css_before=&#8221;display: none !important;&#8221; custom_css_main_element=&#8221;padding-top: 15px !important;||padding-right: 38px !important;||padding-bottom: 14px !important;||padding-left: 38px !important;||||font-weight:700;&#8221; background_color=&#8221;#f42ebf&#8221;][\/et_pb_button][\/et_pb_column][\/et_pb_row][\/et_pb_section][et_pb_section fb_built=&#8221;1&#8243; background_image=&#8221;http:\/\/simondice.com.co\/images\/background.jpeg&#8221; background_color=&#8221;#f3f3f3&#8243; inner_shadow=&#8221;on&#8221; custom_padding=&#8221;54px|2px|54px|0px&#8221; admin_label=&#8221;section&#8221;][et_pb_row admin_label=&#8221;row&#8221;][et_pb_column type=&#8221;4_4&#8243; parallax=&#8221;off&#8221; parallax_method=&#8221;on&#8221;][et_pb_text admin_label=&#8221;Text&#8221;]<\/p>\n<p style=\"text-align: center;\"><span style=\"color: #ff23ec;\">Sim\u00f3n dice<\/span><\/p>\n<p>[\/et_pb_text][et_pb_text text_orientation=&#8221;center&#8221; admin_label=&#8221;Text&#8221; inline_fonts=&#8221;Covered By Your Grace&#8221;]<\/p>\n<p><span style=\"font-family: 'Covered By Your Grace'; font-weight: normal; font-size: 55px; color: #ff14d0;\">Elige un plan<\/span><\/p>\n<p>[\/et_pb_text][et_pb_divider height=&#8221;60&#8243; admin_label=&#8221;Divider&#8221;][\/et_pb_divider][et_pb_pricing_tables admin_label=&#8221;Pricing Table&#8221; module_id=&#8221;planes&#8221; header_font_size=&#8221;16px&#8221; price_font_size=&#8221;25px&#8221;][et_pb_pricing_table title=&#8221;Amigas&#8221; subtitle=&#8221;a domicilio&#8221; currency=&#8221;$&#8221; per=&#8221;Persona&#8221; sum=&#8221;130.000&#8243; button_url=&#8221;http:\/\/simondice.com.co\/home\/contacto\/&#8221; button_text=&#8221;Reservar&#8221; header_font=&#8221;||||&#8221; subheader_font=&#8221;||||&#8221; currency_frequency_font=&#8221;||||&#8221; currency_frequency_line_height=&#8221;1.1em&#8221; currency_frequency_line_height_tablet=&#8221;1.1em&#8221; currency_frequency_line_height_phone=&#8221;1.1em&#8221; price_font=&#8221;||||&#8221; body_font=&#8221;||||&#8221; button_icon_placement=&#8221;right&#8221; button_on_hover=&#8221;on&#8221; custom_css_pricing_content=&#8221;height: 420px;&#8221;]<\/p>\n<p>+Cocteler\u00eda Ilimitada para grupos de 5 personas en adelante, servicio por 4\u00a0horas (3 variedades de cocteles)<\/p>\n<p>+Juegos con licor<\/p>\n<p>+Barman, licores, insumos y cristaler\u00eda<\/p>\n<p>+Transporte no incluido ($90.000 adicionales al valor del plan)<\/p>\n<p>[\/et_pb_pricing_table][et_pb_pricing_table title=&#8221;Plan Mistico&#8221; subtitle=&#8221;a domicilio&#8221; currency=&#8221;$&#8221; per=&#8221;Persona&#8221; sum=&#8221;170.000&#8243; button_url=&#8221;http:\/\/simondice.com.co\/home\/contacto\/&#8221; button_text=&#8221;Reservar&#8221; header_font=&#8221;||||&#8221; subheader_font=&#8221;||||&#8221; currency_frequency_font=&#8221;||||&#8221; price_font=&#8221;||||&#8221; body_font=&#8221;||||&#8221; button_icon_placement=&#8221;right&#8221; button_on_hover=&#8221;on&#8221; custom_css_pricing_content=&#8221;height: 420px;&#8221;]<\/p>\n<p>+Lectura de tarot para grupos de 5 personas en adelante<\/p>\n<p>+Cocteler\u00eda Ilimitada, servicio por 4 horas (3 variedades de cocteles)<\/p>\n<p>+Barman, licores, insumos y cristaler\u00eda<\/p>\n<p>+Transporte no incluido ($90.000 adicionales al valor del plan)<\/p>\n<p>[\/et_pb_pricing_table][et_pb_pricing_table featured=&#8221;on&#8221; title=&#8221;Despedida Cl\u00e1sica&#8221; subtitle=&#8221;a domicilio&#8221; currency=&#8221;$&#8221; per=&#8221;Persona&#8221; sum=&#8221;150.000&#8243; button_url=&#8221;http:\/\/simondice.com.co\/home\/contacto\/&#8221; button_text=&#8221;Reservar&#8221; header_font=&#8221;||||&#8221; subheader_font=&#8221;||||&#8221; currency_frequency_font=&#8221;||||&#8221; price_font=&#8221;||||&#8221; body_font=&#8221;||||&#8221; button_icon_placement=&#8221;right&#8221; button_on_hover=&#8221;on&#8221; custom_css_pricing_content=&#8221;height: 420px;&#8221;]<\/p>\n<p>+Show de striper\u00a0(2 salidas de 15 min.)<\/p>\n<p>+Cocteler\u00eda Ilimitada para grupos de 5 personas en adelante, servicio por 4\u00a0horas (3 variedades de cocteles)<\/p>\n<p>+Barman, licores, insumos y cristaler\u00eda<\/p>\n<p>+Transporte no incluido ($90.000 adicionales al valor del plan)<\/p>\n<p>[\/et_pb_pricing_table][et_pb_pricing_table title=&#8221;Despedida Karaoke&#8221; subtitle=&#8221;a domicilio&#8221; currency=&#8221;$&#8221; per=&#8221;Persona&#8221; sum=&#8221;150.000&#8243; button_url=&#8221;http:\/\/simondice.com.co\/home\/contacto\/&#8221; button_text=&#8221;Reservar&#8221; header_font=&#8221;||||&#8221; subheader_font=&#8221;||||&#8221; currency_frequency_font=&#8221;||||&#8221; price_font=&#8221;||||&#8221; body_font=&#8221;||||&#8221; button_icon_placement=&#8221;right&#8221; button_on_hover=&#8221;on&#8221; custom_css_pricing_content=&#8221;height: 420px;&#8221;]<\/p>\n<p>+Sistema Karaoke<\/p>\n<p>+Telon y VideoBeam<\/p>\n<p>+Cocteler\u00eda Ilimitada para grupos de 5 personas en adelante, servicio por 4\u00a0horas (3 variedades de cocteles)<\/p>\n<p>+Barman, licores, insumos y cristaler\u00eda<\/p>\n<p>+Servicio por\u00a04 horas<\/p>\n<p>+Transporte no incluido ($90.000 aadicionalesl valor del plan)<\/p>\n<p>[\/et_pb_pricing_table][et_pb_pricing_table title=&#8221;City Tour&#8221; subtitle=&#8221;Limosina&#8221; currency=&#8221;$&#8221; per=&#8221;Persona&#8221; sum=&#8221;155.000&#8243; button_url=&#8221;http:\/\/simondice.com.co\/home\/contacto\/&#8221; button_text=&#8221;Reservar&#8221; header_font=&#8221;||||&#8221; subheader_font=&#8221;||||&#8221; currency_frequency_font=&#8221;||||&#8221; price_font=&#8221;||||&#8221; body_font=&#8221;||||&#8221; button_icon_placement=&#8221;right&#8221; button_on_hover=&#8221;on&#8221; custom_css_pricing_content=&#8221;height: 420px;&#8221;]<\/p>\n<p class=\"\">Para grupos de 10 personas en adelante<\/p>\n<p>+Recorrido en limosina por 1 hora<\/p>\n<p>+Show de stripper dentro de la limosina<\/p>\n<p>+1 botella de champagne<\/p>\n<p>+Tapete rojo<\/p>\n<p>+Recogida y llegada en un punto de la ciudad<\/p>\n<p>[\/et_pb_pricing_table][et_pb_pricing_table title=&#8221;School Party&#8221; subtitle=&#8221;a domicilio&#8221; currency=&#8221;$&#8221; per=&#8221;Persona&#8221; sum=&#8221;150.000&#8243; button_url=&#8221;http:\/\/simondice.com.co\/home\/contacto\/&#8221; button_text=&#8221;Reservar&#8221; header_font=&#8221;||||&#8221; subheader_font=&#8221;||||&#8221; currency_frequency_font=&#8221;||||&#8221; price_font=&#8221;||||&#8221; body_font=&#8221;||||&#8221; button_icon_placement=&#8221;right&#8221; button_on_hover=&#8221;on&#8221; custom_css_pricing_content=&#8221;height: 420px;&#8221;]<\/p>\n<p>+Charla TapperSex &#8211; 1 hora aproximadamente<\/p>\n<p>+Cocteler\u00eda Ilimitada para grupos de 5 personas en adelante, servicio por 4\u00a0horas (3 variedades de cocteles)<\/p>\n<p>+Barman, licores, insumos y cristaler\u00eda<\/p>\n<p>+Transporte no incluido ($90.000 adicionales al valor del plan)<\/p>\n<p>[\/et_pb_pricing_table][et_pb_pricing_table title=&#8221;School Party 2&#8243; subtitle=&#8221;a domicilio&#8221; currency=&#8221;$&#8221; per=&#8221;Persona&#8221; sum=&#8221;150.000&#8243; button_url=&#8221;http:\/\/simondice.com.co\/home\/contacto\/&#8221; button_text=&#8221;Reservar&#8221; header_font=&#8221;||||&#8221; subheader_font=&#8221;||||&#8221; currency_frequency_font=&#8221;||||&#8221; price_font=&#8221;||||&#8221; body_font=&#8221;||||&#8221; button_icon_placement=&#8221;right&#8221; button_on_hover=&#8221;on&#8221; custom_css_pricing_content=&#8221;height: 420px;&#8221;]<\/p>\n<p>+Clase de Chair Dance o Twerking &#8211; 1 hora aproximadamente<\/p>\n<p>+Cocteler\u00eda Ilimitada para grupos de 5 personas en adelante, servicio por 4\u00a0horas (3 variedades de cocteles)<\/p>\n<p>+Barman, licores, insumos y cristaler\u00eda<\/p>\n<p>+Transporte no incluido ($90.000 adicionales al valor del plan)<\/p>\n<p>[\/et_pb_pricing_table][et_pb_pricing_table title=&#8221;Plan Neils Party&#8221; subtitle=&#8221;a domicilio&#8221; currency=&#8221;$&#8221; per=&#8221;Persona&#8221; sum=&#8221;160.000&#8243; button_url=&#8221;http:\/\/simondice.com.co\/home\/contacto\/&#8221; button_text=&#8221;Reservar&#8221; header_font=&#8221;||||&#8221; subheader_font=&#8221;||||&#8221; currency_frequency_font=&#8221;||||&#8221; price_font=&#8221;||||&#8221; body_font=&#8221;||||&#8221; button_icon_placement=&#8221;right&#8221; button_on_hover=&#8221;on&#8221; custom_css_pricing_content=&#8221;height: 420px;&#8221;]<\/p>\n<p>+Manicure o Pedicure a domicilio<\/p>\n<p>+Cocteler\u00eda Ilimitada para grupos de 5 personas en adelante, servicio por 4\u00a0horas (3 variedades de cocteles)<\/p>\n<p>+Barman, licores, insumos y cristaler\u00eda<\/p>\n<p>+Transporte no incluido ($90.000 adicionales al valor del plan)<\/p>\n<p>[\/et_pb_pricing_table][et_pb_pricing_table title=&#8221;LimoBus Party&#8221; subtitle=&#8221;Limo Bus Vip&#8221; currency=&#8221;$&#8221; per=&#8221;Persona&#8221; sum=&#8221;280.000 &#8221; button_url=&#8221;http:\/\/simondice.com.co\/home\/contacto\/&#8221; button_text=&#8221;Reservar&#8221; header_font=&#8221;||||&#8221; subheader_font=&#8221;||||&#8221; currency_frequency_font=&#8221;||||&#8221; price_font=&#8221;||||&#8221; body_font=&#8221;||||&#8221; button_icon_placement=&#8221;right&#8221; button_on_hover=&#8221;on&#8221; custom_css_pricing_content=&#8221;height: 420px;&#8221;]<\/p>\n<p>+Para grupos de 5 personas en adelante<\/p>\n<p>+Recorrido en LimoBus por 3 horas<\/p>\n<p>+Cocteler\u00eda Ilimitada, (3 variedades de cocteles)<\/p>\n<p>+Juegos con licor<\/p>\n<p>+Barman, licores, insumos y cristaler\u00eda<\/p>\n<p>+Recogida y llegada en un punto de la ciudad<\/p>\n<p>[\/et_pb_pricing_table][et_pb_pricing_table title=&#8221;Noche de Termales&#8221; subtitle=&#8221;En la calera&#8221; currency=&#8221;$&#8221; per=&#8221;Persona&#8221; sum=&#8221;320.000&#8243; button_url=&#8221;http:\/\/simondice.com.co\/home\/contacto\/&#8221; button_text=&#8221;Reservar&#8221; header_font=&#8221;||||&#8221; subheader_font=&#8221;||||&#8221; currency_frequency_font=&#8221;||||&#8221; price_font=&#8221;||||&#8221; body_font=&#8221;||||&#8221; button_icon_placement=&#8221;right&#8221; button_on_hover=&#8221;on&#8221; custom_css_pricing_content=&#8221;height: 420px;&#8221;]<\/p>\n<p class=\"\">Para grupos de 5 personas en adelante<\/p>\n<p class=\"\">Ingreso a las piscinas termales (durante 4 horas)<\/p>\n<p class=\"\">Cocteler\u00eda Ilimitada durante el trayecto (2 horas)<\/p>\n<p class=\"\">Barman, licores e insumos<\/p>\n<p class=\"\">Cena<\/p>\n<p class=\"\">Transporte ida y vuelta desde Bogot\u00e1 al sitio<\/p>\n<p>[\/et_pb_pricing_table][et_pb_pricing_table title=&#8221;Pool Party Night&#8221; subtitle=&#8221;Melgar&#8221; currency=&#8221;$&#8221; per=&#8221;Persona&#8221; sum=&#8221;390.000&#8243; button_url=&#8221;http:\/\/simondice.com.co\/home\/contacto\/&#8221; button_text=&#8221;Reservar&#8221; header_font=&#8221;||||&#8221; subheader_font=&#8221;||||&#8221; currency_frequency_font=&#8221;||||&#8221; price_font=&#8221;||||&#8221; body_font=&#8221;||||&#8221; button_icon_placement=&#8221;right&#8221; button_on_hover=&#8221;on&#8221; custom_css_pricing_content=&#8221;height: 420px;&#8221;]<\/p>\n<p>+Para grupos de 5 personas en adelante<\/p>\n<p>+1 Noche en Melgar de fiesta en Discoteca con piscina<\/p>\n<p>+Transporte ida y regreso a  Melgar<\/p>\n<p>+Cocteler\u00eda Ilimitada durante el trayecto (3 horas)<\/p>\n<p>+Barman, licores e insumos durante el trayecto<\/p>\n<p>+Cena Informal<\/p>\n<p>[\/et_pb_pricing_table][et_pb_pricing_table title=&#8221;Show Stripper&#8221; subtitle=&#8221;a domicilio&#8221; currency=&#8221;$&#8221; per=&#8221;Plan&#8221; sum=&#8221;320.000&#8243; button_url=&#8221;http:\/\/simondice.com.co\/home\/contacto\/&#8221; button_text=&#8221;Reservar&#8221; header_font=&#8221;||||&#8221; subheader_font=&#8221;||||&#8221; currency_frequency_font=&#8221;||||&#8221; price_font=&#8221;||||&#8221; body_font=&#8221;||||&#8221; button_icon_placement=&#8221;right&#8221; button_on_hover=&#8221;on&#8221; custom_css_pricing_content=&#8221;height: 420px;&#8221;]<\/p>\n<p>+1 Stripper 30 minutos de show<\/p>\n<p>+2 Salidas de 15 minutos con traje diferente ( Policia, Vaquero, Bombero, Gladiador, Mesero, etc.)<\/p>\n<p><a href=\"#\" class=\"et_pb_pricing_table_button et_pb_button\">Ver Catalogo<\/a><\/p>\n<p>[\/et_pb_pricing_table][\/et_pb_pricing_tables][et_pb_divider height=&#8221;60&#8243; admin_label=&#8221;Divider&#8221;][\/et_pb_divider][\/et_pb_column][\/et_pb_row][\/et_pb_section][et_pb_section fb_built=&#8221;1&#8243;][et_pb_row][et_pb_column type=&#8221;1_2&#8243; parallax=&#8221;off&#8221; parallax_method=&#8221;on&#8221;][et_pb_code]&lt;!&#8211; Introducci\u00f3n optimizada &#8211;&gt;&lt;!&#8211; [et_pb_line_break_holder] &#8211;&gt;&lt;p&gt;Si est\u00e1s planeando &lt;strong&gt;despedidas de solteras en Bogot\u00e1&lt;\/strong&gt;, llegaste al lugar perfecto. En esta ciudad hay much\u00edsimas opciones divertidas para celebrar con tus amigas, desde planes elegantes hasta los m\u00e1s atrevidos. Aqu\u00ed te comparto ideas, lugares recomendados y algunos tips para organizar una noche inolvidable.&lt;\/p&gt;&lt;!&#8211; [et_pb_line_break_holder] &#8211;&gt;&lt;!&#8211; [et_pb_line_break_holder] &#8211;&gt;&lt;h2&gt;Ideas originales para despedidas de solteras en Bogot\u00e1&lt;\/h2&gt;&lt;!&#8211; [et_pb_line_break_holder] &#8211;&gt;&lt;p&gt;Una despedida no tiene por qu\u00e9 ser solo una fiesta; puede convertirse en toda una experiencia. En Bogot\u00e1 puedes encontrar desde cenas con show en vivo, hasta planes con spa, limusina y barra libre. Algunas ideas que suelen funcionar muy bien son:&lt;\/p&gt;&lt;!&#8211; [et_pb_line_break_holder] &#8211;&gt;&lt;!&#8211; [et_pb_line_break_holder] &#8211;&gt;&lt;ul&gt;&lt;!&#8211; [et_pb_line_break_holder] &#8211;&gt;  &lt;li&gt;Fiestas tem\u00e1ticas con shows personalizados.&lt;\/li&gt;&lt;!&#8211; [et_pb_line_break_holder] &#8211;&gt;  &lt;li&gt;Tardes de spa o picnic con m\u00fasica y decoraci\u00f3n especial.&lt;\/li&gt;&lt;!&#8211; [et_pb_line_break_holder] &#8211;&gt;  &lt;li&gt;Paseos en limusina con brindis y sesi\u00f3n de fotos.&lt;\/li&gt;&lt;!&#8211; [et_pb_line_break_holder] &#8211;&gt;  &lt;li&gt;Show de humor o performance en casa o sal\u00f3n privado.&lt;\/li&gt;&lt;!&#8211; [et_pb_line_break_holder] &#8211;&gt;&lt;\/ul&gt;&lt;!&#8211; [et_pb_line_break_holder] &#8211;&gt;&lt;!&#8211; [et_pb_line_break_holder] &#8211;&gt;&lt;h2&gt;\u00bfD\u00f3nde celebrar despedidas de solteras en Bogot\u00e1?&lt;\/h2&gt;&lt;!&#8211; [et_pb_line_break_holder] &#8211;&gt;&lt;p&gt;La capital tiene opciones para todos los gustos. Zonas como la Zona T, Usaqu\u00e9n y Chapinero ofrecen restaurantes, bares y salones perfectos para este tipo de eventos. Si buscas algo m\u00e1s privado, tambi\u00e9n hay fincas y terrazas que se pueden decorar a tu gusto.&lt;\/p&gt;[\/et_pb_code][\/et_pb_column][et_pb_column type=&#8221;1_2&#8243; parallax=&#8221;off&#8221; parallax_method=&#8221;on&#8221;][et_pb_code]&lt;h3&gt;Recomendaciones para elegir el lugar ideal&lt;\/h3&gt;&lt;!&#8211; [et_pb_line_break_holder] &#8211;&gt;&lt;p&gt;Antes de reservar, aseg\u00farate de que el sitio tenga espacio suficiente, buena iluminaci\u00f3n y posibilidad de incluir &lt;strong&gt;shows o animaciones&lt;\/strong&gt;. Algunas empresas, como &lt;a href=&quot;https:\/\/voiz.com.co&quot; target=&quot;_blank&quot; rel=&quot;noopener&quot;&gt;Voiz Producciones&lt;\/a&gt;, se especializan en crear experiencias con artistas, m\u00fasica y performances que hacen la noche mucho m\u00e1s divertida.&lt;\/p&gt;&lt;!&#8211; [et_pb_line_break_holder] &#8211;&gt;&lt;!&#8211; [et_pb_line_break_holder] &#8211;&gt;&lt;h2&gt;Consejos para organizar una despedida de soltera inolvidable&lt;\/h2&gt;&lt;!&#8211; [et_pb_line_break_holder] &#8211;&gt;&lt;p&gt;La clave est\u00e1 en los detalles. No olvides coordinar la m\u00fasica, los juegos, el vestuario y los momentos sorpresa. Si quieres hacer algo diferente, puedes contratar un espect\u00e1culo de luces o un show tem\u00e1tico inspirado en la novia. \u00a1En Bogot\u00e1 hay much\u00edsimas opciones para dejar a todos con la boca abierta!&lt;\/p&gt;&lt;!&#8211; [et_pb_line_break_holder] &#8211;&gt;&lt;!&#8211; [et_pb_line_break_holder] &#8211;&gt;&lt;h3&gt;Recuerda estos puntos importantes:&lt;\/h3&gt;&lt;!&#8211; [et_pb_line_break_holder] &#8211;&gt;&lt;ul&gt;&lt;!&#8211; [et_pb_line_break_holder] &#8211;&gt;  &lt;li&gt;Define el presupuesto antes de empezar.&lt;\/li&gt;&lt;!&#8211; [et_pb_line_break_holder] &#8211;&gt;  &lt;li&gt;Consulta con la novia qu\u00e9 tipo de plan prefiere.&lt;\/li&gt;&lt;!&#8211; [et_pb_line_break_holder] &#8211;&gt;  &lt;li&gt;Incluye un toque personalizado: fotos, recuerdos o shows alusivos a la pareja.&lt;\/li&gt;&lt;!&#8211; [et_pb_line_break_holder] &#8211;&gt;  &lt;li&gt;Reserva con anticipaci\u00f3n, especialmente los fines de semana.&lt;\/li&gt;&lt;!&#8211; [et_pb_line_break_holder] &#8211;&gt;&lt;\/ul&gt;&lt;!&#8211; [et_pb_line_break_holder] &#8211;&gt;&lt;!&#8211; [et_pb_line_break_holder] &#8211;&gt;&lt;p&gt;Organizar &lt;strong&gt;despedidas de solteras en Bogot\u00e1&lt;\/strong&gt; puede ser muy f\u00e1cil si sabes con qui\u00e9n contar. Insp\u00edrate, arma tu grupo y disfruta una noche que quedar\u00e1 en la memoria de todas.&lt;\/p&gt;&lt;!&#8211; [et_pb_line_break_holder] &#8211;&gt;[\/et_pb_code][\/et_pb_column][\/et_pb_row][\/et_pb_section][et_pb_section fb_built=&#8221;1&#8243; background_image=&#8221;https:\/\/elegantthemesimages.com\/images\/premade\/d2-placeholder-1920.png&#8221; inner_shadow=&#8221;on&#8221; custom_padding=&#8221;54px|0px|54px|0px&#8221; admin_label=&#8221;section&#8221;][et_pb_row admin_label=&#8221;row&#8221;][et_pb_column type=&#8221;4_4&#8243; parallax=&#8221;off&#8221; parallax_method=&#8221;on&#8221;][et_pb_cta title=&#8221;No seas t\u00edmida&#8221; button_url=&#8221;http:\/\/simondice.com.co\/home\/contacto\/&#8221; button_text=&#8221;Contactar&#8221; use_background_color=&#8221;off&#8221; admin_label=&#8221;Call To Action&#8221;]<\/p>\n<p>\u00bfTienes otra cosa en mente? cuentanos&#8230;<\/p>\n<p>[\/et_pb_cta][\/et_pb_column][\/et_pb_row][\/et_pb_section]<\/p>\n","protected":false},"excerpt":{"rendered":"<p>[et_pb_section fb_built=&#8221;1&#8243; background_image=&#8221;http:\/\/simondice.com.co\/home\/wp-content\/uploads\/2017\/12\/methode2Ftimes2Fprod2Fweb2Fbin2Fe6ca6ef2-8b42-11e6-a2fd-acf8ba5605c0-e1514404331637.jpg&#8221; background_color=&#8221;#ede7f6&#8243; parallax=&#8221;on&#8221; custom_padding=&#8221;0px||0px|&#8221; padding_mobile=&#8221;on&#8221; disabled_on=&#8221;off|off|off&#8221; admin_label=&#8221;Header Section&#8221; custom_css_main_element=&#8221;border-top: 1px solid #7E57C2;&#8221; collapsed=&#8221;off&#8221;][et_pb_row custom_padding=&#8221;9.5%||9.5%|&#8221; custom_padding_phone=&#8221;100px||100px|&#8221; padding_mobile=&#8221;on&#8221; column_padding_mobile=&#8221;on&#8221; parallax_method_1=&#8221;off&#8221; parallax_method_2=&#8221;off&#8221; admin_label=&#8221;row&#8221; custom_padding_last_edited=&#8221;on|phone&#8221;][et_pb_column type=&#8221;4_4&#8243; parallax=&#8221;off&#8221; parallax_method=&#8221;off&#8221; column_padding_mobile=&#8221;on&#8221;][et_pb_text text_orientation=&#8221;center&#8221; max_width=&#8221;720px&#8221; admin_label=&#8221;Text&#8221; text_font=&#8221;Roboto Light||||&#8221; text_font_size=&#8221;20&#8243; text_text_color=&#8221;#ffffff&#8221; text_line_height=&#8221;1.5em&#8221; custom_margin=&#8221;0px||40px|&#8221; custom_margin_tablet=&#8221;0px||38px|&#8221; custom_margin_last_edited=&#8221;on|phone&#8221; custom_css_main_element=&#8221;font-weight:300;&#8221;] [\/et_pb_text][et_pb_text text_orientation=&#8221;center&#8221; admin_label=&#8221;Text&#8221; text_font=&#8221;Lora||||&#8221; text_font_size=&#8221;24&#8243; text_text_color=&#8221;#ffffff&#8221; custom_margin=&#8221;||0px|&#8221; custom_css_main_element=&#8221;font-weight:300;&#8221; inline_fonts=&#8221;Boogaloo,Comfortaa&#8221;] \u00bfComo quieres pasar [\/et_pb_text][et_pb_text text_orientation=&#8221;center&#8221; max_width=&#8221;70%&#8221; max_width_tablet=&#8221;80%&#8221; [&hellip;]<\/p>\n","protected":false},"author":1,"featured_media":0,"parent":0,"menu_order":0,"comment_status":"closed","ping_status":"closed","template":"","meta":{"_yoast_wpseo_focuskw":"Despedidas de solteras en Bogot\u00e1","_yoast_wpseo_title":"","_yoast_wpseo_metadesc":"Despedidas de solteras en Bogot\u00e1, con\u00f3ce nuestros planes increibles para tus despedidas, haz de tu despedida algo inolvidable","footnotes":""},"class_list":["post-55","page","type-page","status-publish","hentry"],"_links":{"self":[{"href":"https:\/\/simondice.com.co\/home\/wp-json\/wp\/v2\/pages\/55","targetHints":{"allow":["GET"]}}],"collection":[{"href":"https:\/\/simondice.com.co\/home\/wp-json\/wp\/v2\/pages"}],"about":[{"href":"https:\/\/simondice.com.co\/home\/wp-json\/wp\/v2\/types\/page"}],"author":[{"embeddable":true,"href":"https:\/\/simondice.com.co\/home\/wp-json\/wp\/v2\/users\/1"}],"replies":[{"embeddable":true,"href":"https:\/\/simondice.com.co\/home\/wp-json\/wp\/v2\/comments?post=55"}],"version-history":[{"count":120,"href":"https:\/\/simondice.com.co\/home\/wp-json\/wp\/v2\/pages\/55\/revisions"}],"predecessor-version":[{"id":30184,"href":"https:\/\/simondice.com.co\/home\/wp-json\/wp\/v2\/pages\/55\/revisions\/30184"}],"wp:attachment":[{"href":"https:\/\/simondice.com.co\/home\/wp-json\/wp\/v2\/media?parent=55"}],"curies":[{"name":"wp","href":"https:\/\/api.w.org\/{rel}","templated":true}]}}